{"id":3759,"date":"2020-06-02T18:56:41","date_gmt":"2020-06-02T18:56:41","guid":{"rendered":"https:\/\/ejpconstrucciones.com.ar\/ejp\/?post_type=product&#038;p=3759"},"modified":"2024-07-31T10:14:52","modified_gmt":"2024-07-31T10:14:52","slug":"shell-ruta-20","status":"publish","type":"product","link":"https:\/\/ejpconstrucciones.com.ar\/ejp\/producto\/shell-ruta-20\/","title":{"rendered":"CENTRO EMPRESARIAL LIBERTADOR"},"content":{"rendered":"<p>Comitente:\u00a0<strong>Raghsa S.A.<\/strong><br \/>\nProyecto:\u00a0<strong>MRA+A Alvarez y Asociados<\/strong><br \/>\nDirecci\u00f3n de Obra y Gerenciamiento:\u00a0<strong>Iannuzzi Colombo Arquitectos<\/strong><br \/>\nUbicaci\u00f3n:\u00a0<strong>Av Libertador y Manuela Pedraza, Buenos Aires<\/strong><br \/>\nSuperficie total construida:\u00a0<strong>107.000m\u00b2<\/strong><br \/>\nInicio de obra:\u00a0<strong>2016<\/strong><br \/>\nFin de obra:\u00a0<strong>2019<\/strong><br \/>\nCertificaci\u00f3n LEED:\u00a0<strong>Core &amp; Shell, GOLD<\/strong><\/p>\n<p style=\"text-align: left\"><strong>TRABAJOS REALIZADOS<\/strong><\/p>\n<p style=\"text-align: left\">PROYECTO APTO LICITACI\u00d3N<\/p>\n<p style=\"text-align: left\">INGENIER\u00cdA<\/p>\n<p style=\"text-align: left\">CONSTRUCCI\u00d3N , PROVISION Y MONTAJE DE TODA LA INSTALACI\u00d3N (TANQUES SUBTERR\u00c1NEOS, TANQUES A\u00c9REOS, BOMBAS, ACCESORIOS DE TANQUES, FILTROS, FLOW SWITCH, V\u00c1LVULAS, TABLEROS EL\u00c9CTRICOS, CONSOLA DE TELE-MEDICI\u00d3N Y SENSORES .<\/p>\n<p style=\"text-align: left\">PARA LA RECEPCI\u00d3N, ALMACENADO Y DISTRIBUCI\u00d3N DE GAS OIL PARA ABASTECER 3 GRUPOS DE 2000KVA MAS 5 GRUPOS DE 550KV UBICADOS EN TERRAZA , 1 GRUPO DE 450KVA UBICADO EN PB Y UNA MOTO-BOMBA DE INCENDIO UBICADA EN 4SS.<\/p>\n<p style=\"text-align: left\">TODO EL SISTEMA ES AUTOM\u00c1TICO E INTERACTIVO CON EL BMS A TRAV\u00c9S DE LA RED DE DATOS.<\/p>\n<p style=\"text-align: left\">\n","protected":false},"excerpt":{"rendered":"<p>ASESORAMIENTO, PROYECTO, EJECUCI\u00d3N DE LA INSTALACI\u00d3N DE INFLAMABLES PARA ALIMENTACI\u00d3N DE GRUPOS ELECTR\u00d3GENOS<\/p>\n","protected":false},"featured_media":3807,"comment_status":"open","ping_status":"closed","template":"","meta":{"site-sidebar-layout":"default","site-content-layout":"default","ast-site-content-layout":"default","site-content-style":"default","site-sidebar-style":"default","ast-global-header-display":"","ast-banner-title-visibility":"","ast-main-header-display":"","ast-hfb-above-header-display":"","ast-hfb-below-header-display":"","ast-hfb-mobile-header-display":"","site-post-title":"","ast-breadcrumbs-content":"","ast-featured-img":"","footer-sml-layout":"","theme-transparent-header-meta":"default","adv-header-id-meta":"","stick-header-meta":"default","header-above-stick-meta":"","header-main-stick-meta":"","header-below-stick-meta":"","astra-migrate-meta-layouts":"default","ast-page-background-enabled":"default","ast-page-background-meta":{"desktop":{"background-color":"var(--ast-global-color-4)","background-image":"","background-repeat":"repeat","background-position":"center center","background-size":"auto","background-attachment":"scroll","background-type":"","background-media":"","overlay-type":"","overlay-color":"","overlay-opacity":"","overlay-gradient":""},"tablet":{"background-color":"","background-image":"","background-repeat":"repeat","background-position":"center center","background-size":"auto","background-attachment":"scroll","background-type":"","background-media":"","overlay-type":"","overlay-color":"","overlay-opacity":"","overlay-gradient":""},"mobile":{"background-color":"","background-image":"","background-repeat":"repeat","background-position":"center center","background-size":"auto","background-attachment":"scroll","background-type":"","background-media":"","overlay-type":"","overlay-color":"","overlay-opacity":"","overlay-gradient":""}},"ast-content-background-meta":{"desktop":{"background-color":"var(--ast-global-color-5)","background-image":"","background-repeat":"repeat","background-position":"center center","background-size":"auto","background-attachment":"scroll","background-type":"","background-media":"","overlay-type":"","overlay-color":"","overlay-opacity":"","overlay-gradient":""},"tablet":{"background-color":"var(--ast-global-color-5)","background-image":"","background-repeat":"repeat","background-position":"center center","background-size":"auto","background-attachment":"scroll","background-type":"","background-media":"","overlay-type":"","overlay-color":"","overlay-opacity":"","overlay-gradient":""},"mobile":{"background-color":"var(--ast-global-color-5)","background-image":"","background-repeat":"repeat","background-position":"center center","background-size":"auto","background-attachment":"scroll","background-type":"","background-media":"","overlay-type":"","overlay-color":"","overlay-opacity":"","overlay-gradient":""}}},"product_brand":[],"product_cat":[15,48],"product_tag":[],"class_list":{"0":"post-3759","1":"product","2":"type-product","3":"status-publish","4":"has-post-thumbnail","6":"product_cat-todas-las-obras","7":"product_cat-instalaciones-para-estaciones-de-servicios","8":"desktop-align-left","9":"tablet-align-left","10":"mobile-align-left","12":"first","13":"instock","14":"shipping-taxable","15":"product-type-simple"},"_links":{"self":[{"href":"https:\/\/ejpconstrucciones.com.ar\/ejp\/wp-json\/wp\/v2\/product\/3759","targetHints":{"allow":["GET"]}}],"collection":[{"href":"https:\/\/ejpconstrucciones.com.ar\/ejp\/wp-json\/wp\/v2\/product"}],"about":[{"href":"https:\/\/ejpconstrucciones.com.ar\/ejp\/wp-json\/wp\/v2\/types\/product"}],"replies":[{"embeddable":true,"href":"https:\/\/ejpconstrucciones.com.ar\/ejp\/wp-json\/wp\/v2\/comments?post=3759"}],"wp:featuredmedia":[{"embeddable":true,"href":"https:\/\/ejpconstrucciones.com.ar\/ejp\/wp-json\/wp\/v2\/media\/3807"}],"wp:attachment":[{"href":"https:\/\/ejpconstrucciones.com.ar\/ejp\/wp-json\/wp\/v2\/media?parent=3759"}],"wp:term":[{"taxonomy":"product_brand","embeddable":true,"href":"https:\/\/ejpconstrucciones.com.ar\/ejp\/wp-json\/wp\/v2\/product_brand?post=3759"},{"taxonomy":"product_cat","embeddable":true,"href":"https:\/\/ejpconstrucciones.com.ar\/ejp\/wp-json\/wp\/v2\/product_cat?post=3759"},{"taxonomy":"product_tag","embeddable":true,"href":"https:\/\/ejpconstrucciones.com.ar\/ejp\/wp-json\/wp\/v2\/product_tag?post=3759"}],"curies":[{"name":"wp","href":"https:\/\/api.w.org\/{rel}","templated":true}]}}