{"id":4030,"date":"2020-06-04T21:51:53","date_gmt":"2020-06-04T21:51:53","guid":{"rendered":"https:\/\/ejpconstrucciones.com.ar\/ejp\/?post_type=product&#038;p=4030"},"modified":"2025-06-24T23:59:30","modified_gmt":"2025-06-24T23:59:30","slug":"hit-sa","status":"publish","type":"product","link":"https:\/\/ejpconstrucciones.com.ar\/ejp\/producto\/hit-sa\/","title":{"rendered":"HIT SA"},"content":{"rendered":"<p>Comitente: HIT <strong>\u00a0S.A.<\/strong><br \/>\nProyecto: ARQ. ALEJANDRO GAWIANSKI<br \/>\nDirecci\u00f3n de Obra : Arq. <strong>Julio Calcopietro<\/strong><br \/>\nUbicaci\u00f3n:\u00a0<strong>Av Caseros 3572,CABA<\/strong><br \/>\nSuperficie total construida:\u00a0<strong>13678m\u00b2<\/strong><br \/>\nInicio de obra:\u00a0<strong>2018<\/strong><br \/>\nFin de obra:\u00a0<strong>2019<\/strong><\/p>\n<p style=\"text-align: left;\"><strong>TRABAJOS REALIZADOS<\/strong><\/p>\n<p style=\"text-align: left;\">PROYECTO APTO LICITACI\u00d3N<\/p>\n<p style=\"text-align: left;\">INGENIER\u00cdA<\/p>\n<p style=\"text-align: left;\">CONSTRUCCI\u00d3N , PROVISION Y MONTAJE DE TODA LA INSTALACI\u00d3N (TANQUES , TANQUES A\u00c9REOS, BOMBAS, ACCESORIOS DE TANQUES, FILTROS, FLOW SWITCH, V\u00c1LVULAS, TABLEROS EL\u00c9CTRICOS, CONSOLA DE TELE-MEDICI\u00d3N Y SENSORES .<\/p>\n<p style=\"text-align: left;\">PARA LA RECEPCI\u00d3N, ALMACENADO Y DISTRIBUCI\u00d3N DE GAS OIL PARA ABASTECER 4 GRUPOS ELECTROGENOS\u00a0 UBICADOS EN TERRAZAS DEL PISO 1 Y 8 .<\/p>\n<p style=\"text-align: left;\">TODO EL SISTEMA ES AUTOM\u00c1TICO E INTERACTIVO CON EL BMS A TRAV\u00c9S DE LA RED DE DATOS.<\/p>\n<p style=\"text-align: left;\">\n","protected":false},"excerpt":{"rendered":"<p style=\"text-align: center;\">ASESORAMIENTO, PROYECTO, EJECUCI\u00d3N DE LA INSTALACI\u00d3N DE INFLAMABLES PARA ALIMENTACI\u00d3N DE GRUPOS ELECTR\u00d3GENOS<\/p>\n","protected":false},"featured_media":4062,"comment_status":"open","ping_status":"closed","template":"","meta":{"site-sidebar-layout":"default","site-content-layout":"default","ast-site-content-layout":"default","site-content-style":"default","site-sidebar-style":"default","ast-global-header-display":"","ast-banner-title-visibility":"","ast-main-header-display":"","ast-hfb-above-header-display":"","ast-hfb-below-header-display":"","ast-hfb-mobile-header-display":"","site-post-title":"","ast-breadcrumbs-content":"","ast-featured-img":"","footer-sml-layout":"","theme-transparent-header-meta":"default","adv-header-id-meta":"","stick-header-meta":"default","header-above-stick-meta":"","header-main-stick-meta":"","header-below-stick-meta":"","astra-migrate-meta-layouts":"default","ast-page-background-enabled":"default","ast-page-background-meta":{"desktop":{"background-color":"var(--ast-global-color-4)","background-image":"","background-repeat":"repeat","background-position":"center center","background-size":"auto","background-attachment":"scroll","background-type":"","background-media":"","overlay-type":"","overlay-color":"","overlay-opacity":"","overlay-gradient":""},"tablet":{"background-color":"","background-image":"","background-repeat":"repeat","background-position":"center center","background-size":"auto","background-attachment":"scroll","background-type":"","background-media":"","overlay-type":"","overlay-color":"","overlay-opacity":"","overlay-gradient":""},"mobile":{"background-color":"","background-image":"","background-repeat":"repeat","background-position":"center center","background-size":"auto","background-attachment":"scroll","background-type":"","background-media":"","overlay-type":"","overlay-color":"","overlay-opacity":"","overlay-gradient":""}},"ast-content-background-meta":{"desktop":{"background-color":"var(--ast-global-color-5)","background-image":"","background-repeat":"repeat","background-position":"center center","background-size":"auto","background-attachment":"scroll","background-type":"","background-media":"","overlay-type":"","overlay-color":"","overlay-opacity":"","overlay-gradient":""},"tablet":{"background-color":"var(--ast-global-color-5)","background-image":"","background-repeat":"repeat","background-position":"center center","background-size":"auto","background-attachment":"scroll","background-type":"","background-media":"","overlay-type":"","overlay-color":"","overlay-opacity":"","overlay-gradient":""},"mobile":{"background-color":"var(--ast-global-color-5)","background-image":"","background-repeat":"repeat","background-position":"center center","background-size":"auto","background-attachment":"scroll","background-type":"","background-media":"","overlay-type":"","overlay-color":"","overlay-opacity":"","overlay-gradient":""}}},"product_brand":[],"product_cat":[15,55,48],"product_tag":[],"class_list":{"0":"post-4030","1":"product","2":"type-product","3":"status-publish","4":"has-post-thumbnail","6":"product_cat-todas-las-obras","7":"product_cat-estaciones-de-servicio","8":"product_cat-instalaciones-para-estaciones-de-servicios","9":"desktop-align-left","10":"tablet-align-left","11":"mobile-align-left","13":"first","14":"instock","15":"shipping-taxable","16":"product-type-simple"},"_links":{"self":[{"href":"https:\/\/ejpconstrucciones.com.ar\/ejp\/wp-json\/wp\/v2\/product\/4030","targetHints":{"allow":["GET"]}}],"collection":[{"href":"https:\/\/ejpconstrucciones.com.ar\/ejp\/wp-json\/wp\/v2\/product"}],"about":[{"href":"https:\/\/ejpconstrucciones.com.ar\/ejp\/wp-json\/wp\/v2\/types\/product"}],"replies":[{"embeddable":true,"href":"https:\/\/ejpconstrucciones.com.ar\/ejp\/wp-json\/wp\/v2\/comments?post=4030"}],"wp:featuredmedia":[{"embeddable":true,"href":"https:\/\/ejpconstrucciones.com.ar\/ejp\/wp-json\/wp\/v2\/media\/4062"}],"wp:attachment":[{"href":"https:\/\/ejpconstrucciones.com.ar\/ejp\/wp-json\/wp\/v2\/media?parent=4030"}],"wp:term":[{"taxonomy":"product_brand","embeddable":true,"href":"https:\/\/ejpconstrucciones.com.ar\/ejp\/wp-json\/wp\/v2\/product_brand?post=4030"},{"taxonomy":"product_cat","embeddable":true,"href":"https:\/\/ejpconstrucciones.com.ar\/ejp\/wp-json\/wp\/v2\/product_cat?post=4030"},{"taxonomy":"product_tag","embeddable":true,"href":"https:\/\/ejpconstrucciones.com.ar\/ejp\/wp-json\/wp\/v2\/product_tag?post=4030"}],"curies":[{"name":"wp","href":"https:\/\/api.w.org\/{rel}","templated":true}]}}