{"id":4084,"date":"2020-06-04T22:55:59","date_gmt":"2020-06-04T22:55:59","guid":{"rendered":"https:\/\/ejpconstrucciones.com.ar\/ejp\/?post_type=product&#038;p=4084"},"modified":"2020-06-04T22:56:47","modified_gmt":"2020-06-04T22:56:47","slug":"patio-bulrrich","status":"publish","type":"product","link":"https:\/\/ejpconstrucciones.com.ar\/ejp\/producto\/patio-bulrrich\/","title":{"rendered":"PATIO BULRRICH"},"content":{"rendered":"<p>COMITENTE: ALTO PALERMO SA<\/p>\n<p>DIRECCION: SHOPPING PATIO BULRICH<\/p>\n<p><strong>Avenida del Libertador 750 \/ Posadas 1245<\/strong><\/p>\n<p>REMODELACI\u00d3N DE CIELORRASOS DE DURLOCK JUNTA TOMADA CON GARGANTAS \u00a0DEL PATIO DE COMIDA<\/p>\n<p>INSTALACI\u00d3N EL\u00c9CTRICA Y CORRIENTES D\u00c9BILES POR SOBRE CIELORRASOS NUEVA<\/p>\n<p>INSTALACI\u00d3N DE CONDUCTOS DE EXTRACCI\u00d3N Y REFRIGERACI\u00d3N NUEVOS<\/p>\n<p>INSTALACI\u00d3N DE CONDUCTOS DE EXTRACCI\u00d3N DE CAMPANAS DE COCINAS NUEVOS<\/p>\n<p>PROVISI\u00d3N Y COLOCACI\u00d3N DE LA TOTALIDAD DE ARTEFACTOS DE ILUMINACI\u00d3N NUEVOS<\/p>\n<p>PINTURA Y EMPAPELADO DE CIELORRASOS<\/p>\n<p>CONSTRUCCI\u00d3N Y COLOCACI\u00d3N DE ARTEFACTO DE ESFERAS COLGANTE EN EL PATIO CENTRAL<\/p>\n<p>TODA LA OBRA FUE EJECUTADA MANTENIENDO ACTIVO EL 100% DEL PATIO DE COMIDAS DURANTE LA EJECUCI\u00d3N DE LOS TRABAJOS, PARA ELLO SE ESTABLECI\u00d3 EL HORARIO DE LA OBRA DURANTE TODA SU EXTENSI\u00d3N DE 24 A 6HS DEBIENDO EN-LONAR LAS ZONAS INTERVENIDAS Y NO CONCLUIDAS DIARIAMENTE.<\/p>\n","protected":false},"excerpt":{"rendered":"<p>SHOPPING PATIO BULRICH REMODELACI\u00d3N PARCIAL<\/p>\n","protected":false},"featured_media":4085,"comment_status":"open","ping_status":"closed","template":"","meta":{"site-sidebar-layout":"default","site-content-layout":"default","ast-site-content-layout":"default","site-content-style":"default","site-sidebar-style":"default","ast-global-header-display":"","ast-banner-title-visibility":"","ast-main-header-display":"","ast-hfb-above-header-display":"","ast-hfb-below-header-display":"","ast-hfb-mobile-header-display":"","site-post-title":"","ast-breadcrumbs-content":"","ast-featured-img":"","footer-sml-layout":"","theme-transparent-header-meta":"default","adv-header-id-meta":"","stick-header-meta":"default","header-above-stick-meta":"","header-main-stick-meta":"","header-below-stick-meta":"","astra-migrate-meta-layouts":"default","ast-page-background-enabled":"default","ast-page-background-meta":{"desktop":{"background-color":"var(--ast-global-color-4)","background-image":"","background-repeat":"repeat","background-position":"center center","background-size":"auto","background-attachment":"scroll","background-type":"","background-media":"","overlay-type":"","overlay-color":"","overlay-opacity":"","overlay-gradient":""},"tablet":{"background-color":"","background-image":"","background-repeat":"repeat","background-position":"center center","background-size":"auto","background-attachment":"scroll","background-type":"","background-media":"","overlay-type":"","overlay-color":"","overlay-opacity":"","overlay-gradient":""},"mobile":{"background-color":"","background-image":"","background-repeat":"repeat","background-position":"center center","background-size":"auto","background-attachment":"scroll","background-type":"","background-media":"","overlay-type":"","overlay-color":"","overlay-opacity":"","overlay-gradient":""}},"ast-content-background-meta":{"desktop":{"background-color":"var(--ast-global-color-5)","background-image":"","background-repeat":"repeat","background-position":"center center","background-size":"auto","background-attachment":"scroll","background-type":"","background-media":"","overlay-type":"","overlay-color":"","overlay-opacity":"","overlay-gradient":""},"tablet":{"background-color":"var(--ast-global-color-5)","background-image":"","background-repeat":"repeat","background-position":"center center","background-size":"auto","background-attachment":"scroll","background-type":"","background-media":"","overlay-type":"","overlay-color":"","overlay-opacity":"","overlay-gradient":""},"mobile":{"background-color":"var(--ast-global-color-5)","background-image":"","background-repeat":"repeat","background-position":"center center","background-size":"auto","background-attachment":"scroll","background-type":"","background-media":"","overlay-type":"","overlay-color":"","overlay-opacity":"","overlay-gradient":""}}},"product_brand":[],"product_cat":[15,47,46],"product_tag":[],"class_list":{"0":"post-4084","1":"product","2":"type-product","3":"status-publish","4":"has-post-thumbnail","6":"product_cat-todas-las-obras","7":"product_cat-obras-civiles","8":"product_cat-obras-varias","9":"desktop-align-left","10":"tablet-align-left","11":"mobile-align-left","13":"first","14":"instock","15":"shipping-taxable","16":"product-type-simple"},"_links":{"self":[{"href":"https:\/\/ejpconstrucciones.com.ar\/ejp\/wp-json\/wp\/v2\/product\/4084","targetHints":{"allow":["GET"]}}],"collection":[{"href":"https:\/\/ejpconstrucciones.com.ar\/ejp\/wp-json\/wp\/v2\/product"}],"about":[{"href":"https:\/\/ejpconstrucciones.com.ar\/ejp\/wp-json\/wp\/v2\/types\/product"}],"replies":[{"embeddable":true,"href":"https:\/\/ejpconstrucciones.com.ar\/ejp\/wp-json\/wp\/v2\/comments?post=4084"}],"wp:featuredmedia":[{"embeddable":true,"href":"https:\/\/ejpconstrucciones.com.ar\/ejp\/wp-json\/wp\/v2\/media\/4085"}],"wp:attachment":[{"href":"https:\/\/ejpconstrucciones.com.ar\/ejp\/wp-json\/wp\/v2\/media?parent=4084"}],"wp:term":[{"taxonomy":"product_brand","embeddable":true,"href":"https:\/\/ejpconstrucciones.com.ar\/ejp\/wp-json\/wp\/v2\/product_brand?post=4084"},{"taxonomy":"product_cat","embeddable":true,"href":"https:\/\/ejpconstrucciones.com.ar\/ejp\/wp-json\/wp\/v2\/product_cat?post=4084"},{"taxonomy":"product_tag","embeddable":true,"href":"https:\/\/ejpconstrucciones.com.ar\/ejp\/wp-json\/wp\/v2\/product_tag?post=4084"}],"curies":[{"name":"wp","href":"https:\/\/api.w.org\/{rel}","templated":true}]}}